{"id":305,"date":"2020-11-15T03:35:12","date_gmt":"2020-11-15T03:35:12","guid":{"rendered":"https:\/\/sanatorio-imiss.com\/?page_id=305"},"modified":"2020-11-15T04:27:04","modified_gmt":"2020-11-15T04:27:04","slug":"prevencion-del-cancer-de-mama","status":"publish","type":"page","link":"https:\/\/sanatorio-imiss.com\/?page_id=305","title":{"rendered":"PREVENCION DEL CANCER DE MAMA"},"content":{"rendered":"\t\t<div data-elementor-type=\"wp-page\" data-elementor-id=\"305\" class=\"elementor elementor-305\">\n\t\t\t\t\t\t<section class=\"elementor-section elementor-top-section elementor-element elementor-element-903f225 elementor-section-boxed elementor-section-height-default elementor-section-height-default\" data-id=\"903f225\" data-element_type=\"section\" data-e-type=\"section\">\n\t\t\t\t\t\t<div class=\"elementor-container elementor-column-gap-default\">\n\t\t\t\t\t<div class=\"elementor-column elementor-col-100 elementor-top-column elementor-element elementor-element-47875e0\" data-id=\"47875e0\" data-element_type=\"column\" data-e-type=\"column\">\n\t\t\t<div class=\"elementor-widget-wrap elementor-element-populated\">\n\t\t\t\t\t\t<div class=\"elementor-element elementor-element-05cffba elementor-widget elementor-widget-image\" data-id=\"05cffba\" data-element_type=\"widget\" data-e-type=\"widget\" data-widget_type=\"image.default\">\n\t\t\t\t<div class=\"elementor-widget-container\">\n\t\t\t\t\t\t\t\t\t\t\t\t\t\t\t<img decoding=\"async\" width=\"200\" height=\"200\" src=\"https:\/\/sanatorio-imiss.com\/wp-content\/uploads\/2020\/11\/cancer-de-mama-cinta-MINIMO.png\" class=\"attachment-medium size-medium wp-image-309\" alt=\"\" srcset=\"https:\/\/sanatorio-imiss.com\/wp-content\/uploads\/2020\/11\/cancer-de-mama-cinta-MINIMO.png 200w, https:\/\/sanatorio-imiss.com\/wp-content\/uploads\/2020\/11\/cancer-de-mama-cinta-MINIMO-150x150.png 150w\" sizes=\"(max-width: 200px) 100vw, 200px\" \/>\t\t\t\t\t\t\t\t\t\t\t\t\t\t\t<\/div>\n\t\t\t\t<\/div>\n\t\t\t\t\t<\/div>\n\t\t<\/div>\n\t\t\t\t\t<\/div>\n\t\t<\/section>\n\t\t\t\t<section class=\"elementor-section elementor-top-section elementor-element elementor-element-5ecbcc45 elementor-section-content-middle elementor-section-boxed elementor-section-height-default elementor-section-height-default\" data-id=\"5ecbcc45\" data-element_type=\"section\" data-e-type=\"section\">\n\t\t\t\t\t\t<div class=\"elementor-container elementor-column-gap-no\">\n\t\t\t\t\t<div class=\"elementor-column elementor-col-100 elementor-top-column elementor-element elementor-element-224f6e2a\" data-id=\"224f6e2a\" data-element_type=\"column\" data-e-type=\"column\">\n\t\t\t<div class=\"elementor-widget-wrap elementor-element-populated\">\n\t\t\t\t\t\t<div class=\"elementor-element elementor-element-395343e4 elementor-widget elementor-widget-heading\" data-id=\"395343e4\" data-element_type=\"widget\" data-e-type=\"widget\" data-widget_type=\"heading.default\">\n\t\t\t\t<div class=\"elementor-widget-container\">\n\t\t\t\t\t<h4 class=\"elementor-heading-title elementor-size-default\">PREVENCI\u00d3N DEL C\u00c1NCER DE MAMA<\/h4>\t\t\t\t<\/div>\n\t\t\t\t<\/div>\n\t\t\t\t<section class=\"elementor-section elementor-inner-section elementor-element elementor-element-29826fc3 elementor-section-content-middle elementor-section-boxed elementor-section-height-default elementor-section-height-default\" data-id=\"29826fc3\" data-element_type=\"section\" data-e-type=\"section\">\n\t\t\t\t\t\t<div class=\"elementor-container elementor-column-gap-no\">\n\t\t\t\t\t<div class=\"elementor-column elementor-col-100 elementor-inner-column elementor-element elementor-element-5f7c91b2\" data-id=\"5f7c91b2\" data-element_type=\"column\" data-e-type=\"column\">\n\t\t\t<div class=\"elementor-widget-wrap elementor-element-populated\">\n\t\t\t\t\t\t<div class=\"elementor-element elementor-element-56f22a10 elementor-widget elementor-widget-heading\" data-id=\"56f22a10\" data-element_type=\"widget\" data-e-type=\"widget\" data-widget_type=\"heading.default\">\n\t\t\t\t<div class=\"elementor-widget-container\">\n\t\t\t\t\t<h4 class=\"elementor-heading-title elementor-size-default\">\u00bfQu\u00e9 es el c\u00e1ncer de mama?<\/h4>\t\t\t\t<\/div>\n\t\t\t\t<\/div>\n\t\t\t\t<div class=\"elementor-element elementor-element-6f0bc2b5 elementor-widget-divider--view-line elementor-widget elementor-widget-divider\" data-id=\"6f0bc2b5\" data-element_type=\"widget\" data-e-type=\"widget\" data-widget_type=\"divider.default\">\n\t\t\t\t<div class=\"elementor-widget-container\">\n\t\t\t\t\t\t\t<div class=\"elementor-divider\">\n\t\t\t<span class=\"elementor-divider-separator\">\n\t\t\t\t\t\t<\/span>\n\t\t<\/div>\n\t\t\t\t\t\t<\/div>\n\t\t\t\t<\/div>\n\t\t\t\t<div class=\"elementor-element elementor-element-25b8aa84 elementor-widget elementor-widget-text-editor\" data-id=\"25b8aa84\" data-element_type=\"widget\" data-e-type=\"widget\" data-widget_type=\"text-editor.default\">\n\t\t\t\t<div class=\"elementor-widget-container\">\n\t\t\t\t\t\t\t\t\t<p>Es una enfermedad causada por la multiplicaci\u00f3n anormal de las c\u00e9lulas de la mama que forman un tumor maligno. Ello puede producirse como consecuencia de diferentes factores de riesgo y de estilos de vida, as\u00ed como tambi\u00e9n de una carga gen\u00e9tica que predispone a la mujer a enfermar o no.<\/p><p>Algunos factores de riesgo son: los antecedentes familiares de esta enfermedad, ser mayor de 50 a\u00f1os, un estilo de vida sedentario, el alto consumo de grasas, el exceso de peso y el consumo excesivo de alcohol. Menos del 5% de todos los c\u00e1nceres de mama est\u00e1n relacionados con factores gen\u00e9ticos que son muy determinantes.<\/p>\t\t\t\t\t\t\t\t<\/div>\n\t\t\t\t<\/div>\n\t\t\t\t\t<\/div>\n\t\t<\/div>\n\t\t\t\t\t<\/div>\n\t\t<\/section>\n\t\t\t\t<section class=\"elementor-section elementor-inner-section elementor-element elementor-element-2d2114f4 elementor-section-content-middle elementor-section-boxed elementor-section-height-default elementor-section-height-default\" data-id=\"2d2114f4\" data-element_type=\"section\" data-e-type=\"section\">\n\t\t\t\t\t\t<div class=\"elementor-container elementor-column-gap-no\">\n\t\t\t\t\t<div class=\"elementor-column elementor-col-100 elementor-inner-column elementor-element elementor-element-725c2959\" data-id=\"725c2959\" data-element_type=\"column\" data-e-type=\"column\">\n\t\t\t<div class=\"elementor-widget-wrap elementor-element-populated\">\n\t\t\t\t\t\t<div class=\"elementor-element elementor-element-313fa042 elementor-widget elementor-widget-heading\" data-id=\"313fa042\" data-element_type=\"widget\" data-e-type=\"widget\" data-widget_type=\"heading.default\">\n\t\t\t\t<div class=\"elementor-widget-container\">\n\t\t\t\t\t<h4 class=\"elementor-heading-title elementor-size-default\">\u00bfSe puede prevenir?<\/h4>\t\t\t\t<\/div>\n\t\t\t\t<\/div>\n\t\t\t\t<div class=\"elementor-element elementor-element-10fb4054 elementor-widget-divider--view-line elementor-widget elementor-widget-divider\" data-id=\"10fb4054\" data-element_type=\"widget\" data-e-type=\"widget\" data-widget_type=\"divider.default\">\n\t\t\t\t<div class=\"elementor-widget-container\">\n\t\t\t\t\t\t\t<div class=\"elementor-divider\">\n\t\t\t<span class=\"elementor-divider-separator\">\n\t\t\t\t\t\t<\/span>\n\t\t<\/div>\n\t\t\t\t\t\t<\/div>\n\t\t\t\t<\/div>\n\t\t\t\t<div class=\"elementor-element elementor-element-17e1a316 elementor-widget elementor-widget-text-editor\" data-id=\"17e1a316\" data-element_type=\"widget\" data-e-type=\"widget\" data-widget_type=\"text-editor.default\">\n\t\t\t\t<div class=\"elementor-widget-container\">\n\t\t\t\t\t\t\t\t\t<p>Si bien el c\u00e1ncer de mama es una enfermedad dif\u00edcil de prevenir, es posible tomar medidas que disminuyan los factores de riesgo y la probabilidad de aparici\u00f3n de la enfermedad.<\/p>\t\t\t\t\t\t\t\t<\/div>\n\t\t\t\t<\/div>\n\t\t\t\t\t<\/div>\n\t\t<\/div>\n\t\t\t\t\t<\/div>\n\t\t<\/section>\n\t\t\t\t<section class=\"elementor-section elementor-inner-section elementor-element elementor-element-e27f94e elementor-section-content-middle elementor-section-boxed elementor-section-height-default elementor-section-height-default\" data-id=\"e27f94e\" data-element_type=\"section\" data-e-type=\"section\">\n\t\t\t\t\t\t<div class=\"elementor-container elementor-column-gap-no\">\n\t\t\t\t\t<div class=\"elementor-column elementor-col-100 elementor-inner-column elementor-element elementor-element-4d82d48\" data-id=\"4d82d48\" data-element_type=\"column\" data-e-type=\"column\">\n\t\t\t<div class=\"elementor-widget-wrap elementor-element-populated\">\n\t\t\t\t\t\t<div class=\"elementor-element elementor-element-5f573c97 elementor-widget elementor-widget-heading\" data-id=\"5f573c97\" data-element_type=\"widget\" data-e-type=\"widget\" data-widget_type=\"heading.default\">\n\t\t\t\t<div class=\"elementor-widget-container\">\n\t\t\t\t\t<h4 class=\"elementor-heading-title elementor-size-default\">H\u00e1bitos de vida saludables<\/h4>\t\t\t\t<\/div>\n\t\t\t\t<\/div>\n\t\t\t\t<div class=\"elementor-element elementor-element-1ed1a4b4 elementor-widget-divider--view-line elementor-widget elementor-widget-divider\" data-id=\"1ed1a4b4\" data-element_type=\"widget\" data-e-type=\"widget\" data-widget_type=\"divider.default\">\n\t\t\t\t<div class=\"elementor-widget-container\">\n\t\t\t\t\t\t\t<div class=\"elementor-divider\">\n\t\t\t<span class=\"elementor-divider-separator\">\n\t\t\t\t\t\t<\/span>\n\t\t<\/div>\n\t\t\t\t\t\t<\/div>\n\t\t\t\t<\/div>\n\t\t\t\t<div class=\"elementor-element elementor-element-37ede9c4 elementor-widget elementor-widget-text-editor\" data-id=\"37ede9c4\" data-element_type=\"widget\" data-e-type=\"widget\" data-widget_type=\"text-editor.default\">\n\t\t\t\t<div class=\"elementor-widget-container\">\n\t\t\t\t\t\t\t\t\t<p>La adherencia a pautas de estilo de vida saludable puede cambiar mucho el espectro de enfermedades no s\u00f3lo oncol\u00f3gicas sino tambi\u00e9n cardiovasculares. El ejercicio f\u00edsico aer\u00f3bico (por ejemplo, caminar durante 50 minutos al menos 3 veces por semana) puede operar en la reducci\u00f3n de riesgo de este tipo de c\u00e1ncer, especialmente en la postmenopausia. Tambi\u00e9n se aconseja: no fumar, llevar una dieta baja en contenido graso y con alto consumo de frutas y vegetales, moderar la ingesta de alcohol, y mantener un peso dentro de los l\u00edmites normales.<\/p>\t\t\t\t\t\t\t\t<\/div>\n\t\t\t\t<\/div>\n\t\t\t\t\t<\/div>\n\t\t<\/div>\n\t\t\t\t\t<\/div>\n\t\t<\/section>\n\t\t\t\t\t<\/div>\n\t\t<\/div>\n\t\t\t\t\t<\/div>\n\t\t<\/section>\n\t\t\t\t<section class=\"elementor-section elementor-top-section elementor-element elementor-element-43be7255 elementor-section-content-middle elementor-section-boxed elementor-section-height-default elementor-section-height-default\" data-id=\"43be7255\" data-element_type=\"section\" data-e-type=\"section\">\n\t\t\t\t\t\t<div class=\"elementor-container elementor-column-gap-no\">\n\t\t\t\t\t<div class=\"elementor-column elementor-col-100 elementor-top-column elementor-element elementor-element-4ad83b1\" data-id=\"4ad83b1\" data-element_type=\"column\" data-e-type=\"column\">\n\t\t\t<div class=\"elementor-widget-wrap elementor-element-populated\">\n\t\t\t\t\t\t<section class=\"elementor-section elementor-inner-section elementor-element elementor-element-3bd548d1 elementor-section-content-middle elementor-section-boxed elementor-section-height-default elementor-section-height-default\" data-id=\"3bd548d1\" data-element_type=\"section\" data-e-type=\"section\">\n\t\t\t\t\t\t<div class=\"elementor-container elementor-column-gap-no\">\n\t\t\t\t\t<div class=\"elementor-column elementor-col-100 elementor-inner-column elementor-element elementor-element-3815cb04\" data-id=\"3815cb04\" data-element_type=\"column\" data-e-type=\"column\">\n\t\t\t<div class=\"elementor-widget-wrap elementor-element-populated\">\n\t\t\t\t\t\t<div class=\"elementor-element elementor-element-7eccc987 elementor-widget elementor-widget-heading\" data-id=\"7eccc987\" data-element_type=\"widget\" data-e-type=\"widget\" data-widget_type=\"heading.default\">\n\t\t\t\t<div class=\"elementor-widget-container\">\n\t\t\t\t\t<h4 class=\"elementor-heading-title elementor-size-default\">Realizaci\u00f3n de mamograf\u00eda cada dos a\u00f1os entre los 50 y los 70 a\u00f1os<\/h4>\t\t\t\t<\/div>\n\t\t\t\t<\/div>\n\t\t\t\t<div class=\"elementor-element elementor-element-487d9b23 elementor-widget-divider--view-line elementor-widget elementor-widget-divider\" data-id=\"487d9b23\" data-element_type=\"widget\" data-e-type=\"widget\" data-widget_type=\"divider.default\">\n\t\t\t\t<div class=\"elementor-widget-container\">\n\t\t\t\t\t\t\t<div class=\"elementor-divider\">\n\t\t\t<span class=\"elementor-divider-separator\">\n\t\t\t\t\t\t<\/span>\n\t\t<\/div>\n\t\t\t\t\t\t<\/div>\n\t\t\t\t<\/div>\n\t\t\t\t<div class=\"elementor-element elementor-element-1aeafae3 elementor-widget elementor-widget-text-editor\" data-id=\"1aeafae3\" data-element_type=\"widget\" data-e-type=\"widget\" data-widget_type=\"text-editor.default\">\n\t\t\t\t<div class=\"elementor-widget-container\">\n\t\t\t\t\t\t\t\t\t<p>La incidencia del c\u00e1ncer de mama aumenta a partir de los 45-50 a\u00f1os, y la mortalidad por c\u00e1ncer de mama aumenta unos a\u00f1os despu\u00e9s de esa edad. Esto no quiere decir que mujeres fuera de ese rango etario no deban hacerse mamograf\u00edas. Es muy importante tener en cuenta que tanto en las mujeres de entre 40 y 50 a\u00f1os como en las mayores de 70 la decisi\u00f3n de hacer o no una mamograf\u00eda debe ser personalizada. La mujer debe hablarlo con su ginec\u00f3logo\/a o con su m\u00e9dico\/a de cabecera, y valorar los pros y los contras de hacer el estudio mamogr\u00e1fico.&lt;br&gt;La mamograf\u00eda permite diagnosticar tempranamente esta enfermedad y ofrecer por lo tanto mejores oportunidades de cura.<\/p>\t\t\t\t\t\t\t\t<\/div>\n\t\t\t\t<\/div>\n\t\t\t\t\t<\/div>\n\t\t<\/div>\n\t\t\t\t\t<\/div>\n\t\t<\/section>\n\t\t\t\t<section class=\"elementor-section elementor-inner-section elementor-element elementor-element-77e24004 elementor-section-content-middle elementor-section-boxed elementor-section-height-default elementor-section-height-default\" data-id=\"77e24004\" data-element_type=\"section\" data-e-type=\"section\">\n\t\t\t\t\t\t<div class=\"elementor-container elementor-column-gap-no\">\n\t\t\t\t\t<div class=\"elementor-column elementor-col-100 elementor-inner-column elementor-element elementor-element-7b5bf512\" data-id=\"7b5bf512\" data-element_type=\"column\" data-e-type=\"column\">\n\t\t\t<div class=\"elementor-widget-wrap elementor-element-populated\">\n\t\t\t\t\t\t<div class=\"elementor-element elementor-element-71bdcbc elementor-widget elementor-widget-heading\" data-id=\"71bdcbc\" data-element_type=\"widget\" data-e-type=\"widget\" data-widget_type=\"heading.default\">\n\t\t\t\t<div class=\"elementor-widget-container\">\n\t\t\t\t\t<h4 class=\"elementor-heading-title elementor-size-default\">Examen cl\u00ednico de las mamas<\/h4>\t\t\t\t<\/div>\n\t\t\t\t<\/div>\n\t\t\t\t<div class=\"elementor-element elementor-element-19080adf elementor-widget-divider--view-line elementor-widget elementor-widget-divider\" data-id=\"19080adf\" data-element_type=\"widget\" data-e-type=\"widget\" data-widget_type=\"divider.default\">\n\t\t\t\t<div class=\"elementor-widget-container\">\n\t\t\t\t\t\t\t<div class=\"elementor-divider\">\n\t\t\t<span class=\"elementor-divider-separator\">\n\t\t\t\t\t\t<\/span>\n\t\t<\/div>\n\t\t\t\t\t\t<\/div>\n\t\t\t\t<\/div>\n\t\t\t\t<div class=\"elementor-element elementor-element-30eda36 elementor-widget elementor-widget-text-editor\" data-id=\"30eda36\" data-element_type=\"widget\" data-e-type=\"widget\" data-widget_type=\"text-editor.default\">\n\t\t\t\t<div class=\"elementor-widget-container\">\n\t\t\t\t\t\t\t\t\t<p>El examen cl\u00ednico lo realiza el m\u00e9dico que observa y palpa las mamas de la paciente en busca de n\u00f3dulos u otras alteraciones. La presencia de n\u00f3dulos no implica el desarrollo de un c\u00e1ncer. Todas las mujeres deben realizarse este tipo de examen a partir de los 20 a\u00f1os. Las menores de 40 y las mayores de 70 deben realizarlo con su examen de salud habitual, al menos una vez cada tres a\u00f1os. Las mujeres entre 40 y 70 a\u00f1os deben realizarlo una vez por a\u00f1o.<\/p>\t\t\t\t\t\t\t\t<\/div>\n\t\t\t\t<\/div>\n\t\t\t\t\t<\/div>\n\t\t<\/div>\n\t\t\t\t\t<\/div>\n\t\t<\/section>\n\t\t\t\t<section class=\"elementor-section elementor-inner-section elementor-element elementor-element-f0d21fe elementor-section-content-middle elementor-section-boxed elementor-section-height-default elementor-section-height-default\" data-id=\"f0d21fe\" data-element_type=\"section\" data-e-type=\"section\">\n\t\t\t\t\t\t<div class=\"elementor-container elementor-column-gap-no\">\n\t\t\t\t\t<div class=\"elementor-column elementor-col-100 elementor-inner-column elementor-element elementor-element-78d34e46\" data-id=\"78d34e46\" data-element_type=\"column\" data-e-type=\"column\">\n\t\t\t<div class=\"elementor-widget-wrap elementor-element-populated\">\n\t\t\t\t\t\t<div class=\"elementor-element elementor-element-649dbb75 elementor-widget elementor-widget-heading\" data-id=\"649dbb75\" data-element_type=\"widget\" data-e-type=\"widget\" data-widget_type=\"heading.default\">\n\t\t\t\t<div class=\"elementor-widget-container\">\n\t\t\t\t\t<h4 class=\"elementor-heading-title elementor-size-default\">El c\u00e1ncer de mama en cifras en Argentina<\/h4>\t\t\t\t<\/div>\n\t\t\t\t<\/div>\n\t\t\t\t<div class=\"elementor-element elementor-element-7bb3914d elementor-widget-divider--view-line elementor-widget elementor-widget-divider\" data-id=\"7bb3914d\" data-element_type=\"widget\" data-e-type=\"widget\" data-widget_type=\"divider.default\">\n\t\t\t\t<div class=\"elementor-widget-container\">\n\t\t\t\t\t\t\t<div class=\"elementor-divider\">\n\t\t\t<span class=\"elementor-divider-separator\">\n\t\t\t\t\t\t<\/span>\n\t\t<\/div>\n\t\t\t\t\t\t<\/div>\n\t\t\t\t<\/div>\n\t\t\t\t<div class=\"elementor-element elementor-element-34234842 elementor-widget elementor-widget-text-editor\" data-id=\"34234842\" data-element_type=\"widget\" data-e-type=\"widget\" data-widget_type=\"text-editor.default\">\n\t\t\t\t<div class=\"elementor-widget-container\">\n\t\t\t\t\t\t\t\t\t<p>El c\u00e1ncer de mama es la primera causa de muerte por tumores en mujeres, provocando 5400 muertes por a\u00f1o.<br \/>En el pa\u00eds se presenta una gran diferencia en la tasa de mortalidad entre diferentes provincias. Jujuy y Santiago del Estero est\u00e1n entre las que tienen un \u00edndice m\u00e1s bajo (14 y 14,2 respectivamente), mientras que Tierra del Fuego y la Ciudad Aut\u00f3noma de Buenos Aires son los lugares en donde se da una mayor mortalidad (26,5 y 28 respectivamente).<br \/>Las tasas de mortalidad por c\u00e1ncer de mama m\u00e1s elevadas se dan entre los 50 (41,6 cada 100.000 mujeres) y los 80 a\u00f1os o m\u00e1s (215,8 cada 100.000 mujeres).<br \/>M\u00e1s del 75% de las mujeres con c\u00e1ncer de mama no tienen ning\u00fan antecedente familiar de dicha enfermedad.<\/p><p>Para el c\u00e1ncer de mama la detecci\u00f3n temprana es fundamental, ya que los tumores de menos de 1 cent\u00edmetro tienen hasta el 90% de probabilidades de curaci\u00f3n.<br \/>El 1% de los c\u00e1nceres de mama se presenta en hombres.<\/p>\t\t\t\t\t\t\t\t<\/div>\n\t\t\t\t<\/div>\n\t\t\t\t\t<\/div>\n\t\t<\/div>\n\t\t\t\t\t<\/div>\n\t\t<\/section>\n\t\t\t\t\t<\/div>\n\t\t<\/div>\n\t\t\t\t\t<\/div>\n\t\t<\/section>\n\t\t\t\t<section class=\"elementor-section elementor-top-section elementor-element elementor-element-6df6070 elementor-section-boxed elementor-section-height-default elementor-section-height-default\" data-id=\"6df6070\" data-element_type=\"section\" data-e-type=\"section\">\n\t\t\t\t\t\t<div class=\"elementor-container elementor-column-gap-default\">\n\t\t\t\t\t<div class=\"elementor-column elementor-col-100 elementor-top-column elementor-element elementor-element-c0b9b2b\" data-id=\"c0b9b2b\" data-element_type=\"column\" data-e-type=\"column\">\n\t\t\t<div class=\"elementor-widget-wrap elementor-element-populated\">\n\t\t\t\t\t\t<div class=\"elementor-element elementor-element-7cca9fa elementor-align-center elementor-widget elementor-widget-button\" data-id=\"7cca9fa\" data-element_type=\"widget\" data-e-type=\"widget\" data-widget_type=\"button.default\">\n\t\t\t\t<div class=\"elementor-widget-container\">\n\t\t\t\t\t\t\t\t\t<div class=\"elementor-button-wrapper\">\n\t\t\t\t\t<a class=\"elementor-button elementor-button-link elementor-size-sm\" href=\"https:\/\/sanatorio-imiss.com\/\">\n\t\t\t\t\t\t<span class=\"elementor-button-content-wrapper\">\n\t\t\t\t\t\t\t\t\t<span class=\"elementor-button-text\">P\u00c1GINA PRINCIPAL<\/span>\n\t\t\t\t\t<\/span>\n\t\t\t\t\t<\/a>\n\t\t\t\t<\/div>\n\t\t\t\t\t\t\t\t<\/div>\n\t\t\t\t<\/div>\n\t\t\t\t\t<\/div>\n\t\t<\/div>\n\t\t\t\t\t<\/div>\n\t\t<\/section>\n\t\t\t\t<\/div>\n\t\t","protected":false},"excerpt":{"rendered":"<p>PREVENCI\u00d3N DEL C\u00c1NCER DE MAMA \u00bfQu\u00e9 es el c\u00e1ncer de mama? Es una enfermedad causada por la multiplicaci\u00f3n anormal de las c\u00e9lulas de la mama que forman un tumor maligno. Ello puede producirse como consecuencia de diferentes factores de riesgo y de estilos de vida, as\u00ed como tambi\u00e9n de una carga gen\u00e9tica que predispone a [&hellip;]<\/p>\n","protected":false},"author":1,"featured_media":0,"parent":0,"menu_order":0,"comment_status":"closed","ping_status":"open","template":"","meta":{"footnotes":""},"class_list":["post-305","page","type-page","status-publish","hentry"],"rttpg_featured_image_url":null,"rttpg_author":{"display_name":"delosriosclaudio","author_link":"https:\/\/sanatorio-imiss.com\/?author=1"},"rttpg_comment":1,"rttpg_category":null,"rttpg_excerpt":"PREVENCI\u00d3N DEL C\u00c1NCER DE MAMA \u00bfQu\u00e9 es el c\u00e1ncer de mama? Es una enfermedad causada por la multiplicaci\u00f3n anormal de las c\u00e9lulas de la mama que forman un tumor maligno. Ello puede producirse como consecuencia de diferentes factores de riesgo y de estilos de vida, as\u00ed como tambi\u00e9n de una carga gen\u00e9tica que predispone a&hellip;","_links":{"self":[{"href":"https:\/\/sanatorio-imiss.com\/index.php?rest_route=\/wp\/v2\/pages\/305","targetHints":{"allow":["GET"]}}],"collection":[{"href":"https:\/\/sanatorio-imiss.com\/index.php?rest_route=\/wp\/v2\/pages"}],"about":[{"href":"https:\/\/sanatorio-imiss.com\/index.php?rest_route=\/wp\/v2\/types\/page"}],"author":[{"embeddable":true,"href":"https:\/\/sanatorio-imiss.com\/index.php?rest_route=\/wp\/v2\/users\/1"}],"replies":[{"embeddable":true,"href":"https:\/\/sanatorio-imiss.com\/index.php?rest_route=%2Fwp%2Fv2%2Fcomments&post=305"}],"version-history":[{"count":7,"href":"https:\/\/sanatorio-imiss.com\/index.php?rest_route=\/wp\/v2\/pages\/305\/revisions"}],"predecessor-version":[{"id":316,"href":"https:\/\/sanatorio-imiss.com\/index.php?rest_route=\/wp\/v2\/pages\/305\/revisions\/316"}],"wp:attachment":[{"href":"https:\/\/sanatorio-imiss.com\/index.php?rest_route=%2Fwp%2Fv2%2Fmedia&parent=305"}],"curies":[{"name":"wp","href":"https:\/\/api.w.org\/{rel}","templated":true}]}}