{"id":121,"date":"2020-11-11T02:27:50","date_gmt":"2020-11-11T02:27:50","guid":{"rendered":"https:\/\/sanatorio-imiss.com\/?page_id=121"},"modified":"2020-12-09T02:08:01","modified_gmt":"2020-12-09T02:08:01","slug":"sobre-nosotros","status":"publish","type":"page","link":"https:\/\/sanatorio-imiss.com\/?page_id=121","title":{"rendered":"Sobre Nosotros"},"content":{"rendered":"\t\t<div data-elementor-type=\"wp-page\" data-elementor-id=\"121\" class=\"elementor elementor-121\">\n\t\t\t\t\t\t<section class=\"elementor-section elementor-top-section elementor-element elementor-element-4772d14c elementor-section-content-middle elementor-reverse-mobile elementor-section-boxed elementor-section-height-default elementor-section-height-default\" data-id=\"4772d14c\" data-element_type=\"section\" data-e-type=\"section\" data-settings=\"{&quot;background_background&quot;:&quot;classic&quot;}\">\n\t\t\t\t\t\t<div class=\"elementor-container elementor-column-gap-no\">\n\t\t\t\t\t<div class=\"elementor-column elementor-col-100 elementor-top-column elementor-element elementor-element-49c05fda\" data-id=\"49c05fda\" data-element_type=\"column\" data-e-type=\"column\">\n\t\t\t<div class=\"elementor-widget-wrap elementor-element-populated\">\n\t\t\t\t\t\t<div class=\"elementor-element elementor-element-2488b46 elementor-widget elementor-widget-heading\" data-id=\"2488b46\" data-element_type=\"widget\" data-e-type=\"widget\" data-widget_type=\"heading.default\">\n\t\t\t\t<div class=\"elementor-widget-container\">\n\t\t\t\t\t<h4 class=\"elementor-heading-title elementor-size-default\">QUIENES SOMOS<\/h4>\t\t\t\t<\/div>\n\t\t\t\t<\/div>\n\t\t\t\t<div class=\"elementor-element elementor-element-68b8cb3 elementor-widget elementor-widget-image\" data-id=\"68b8cb3\" data-element_type=\"widget\" data-e-type=\"widget\" data-widget_type=\"image.default\">\n\t\t\t\t<div class=\"elementor-widget-container\">\n\t\t\t\t\t\t\t\t\t\t\t\t\t\t\t<img decoding=\"async\" width=\"150\" height=\"183\" src=\"https:\/\/sanatorio-imiss.com\/wp-content\/uploads\/2020\/11\/logo-IMISS-reducido-1.png\" class=\"attachment-medium size-medium wp-image-130\" alt=\"\" \/>\t\t\t\t\t\t\t\t\t\t\t\t\t\t\t<\/div>\n\t\t\t\t<\/div>\n\t\t\t\t<div class=\"elementor-element elementor-element-1e166ee5 elementor-widget__width-inherit elementor-widget elementor-widget-text-editor\" data-id=\"1e166ee5\" data-element_type=\"widget\" data-e-type=\"widget\" data-widget_type=\"text-editor.default\">\n\t\t\t\t<div class=\"elementor-widget-container\">\n\t\t\t\t\t\t\t\t\t<p>El 26 de Febrero de 1986, nace <strong>I.M.I.S.S. S.A.<\/strong>\u00a0cuyas iniciales significan <strong>\u00abINSTITUTO MATERNO INFANTIL SAN SALVADOR S.A.\u00bb<\/strong> conformado por un grupo de Toco-Ginec\u00f3logos, cuyo director y presidente de la sociedad fue y es el doctor Alejandro Zenteno Delgado. En la actualidad se incorporaron como socios de la Instituci\u00f3n, los Doctores Alejandro Sebasti\u00e1n Zenteno: especialista en obstetricia y ginecolog\u00eda, Mar\u00eda Valeria Zenteno: M\u00e9dica pediatra y neonat\u00f3loga; y Alvaro Rodrigo Zenteno: Abogado; constituyendo una empresa familiar.<br \/>La instituci\u00f3n se estableci\u00f3 en un edificio construido para tal fin en la calle Salta N\u00ba 740. Adem\u00e1s de la atenci\u00f3n ginecol\u00f3gica y obst\u00e9trica se realizaba internaci\u00f3n de nenonatolog\u00eda, cl\u00ednica m\u00e9dica, cirug\u00eda general, se contaba con habitaciones privadas de internaci\u00f3n con 18 camas, mas 8 en neontalog\u00eda (2 servo-cuna y 6 unidades neonatales). Laboratorio de an\u00e1lisis cl\u00ednico general. Diagn\u00f3stico por im\u00e1genes: con instalaci\u00f3n de ec\u00f3grafo de \u00faltima generaci\u00f3n, mim\u00f3grafo de alta resoluci\u00f3n, equipo de rayos X Siemens Gigantus 1.000 y un equipo de rayos port\u00e1til.<br \/>En 1992 se adquiri\u00f3 una propiedad ubicada sobre calle G\u00fcemes N\u00ba 731, donde se realiz\u00f3 una ampliaci\u00f3n del edificio primitivo que hoy cuenta con planta baja y 3 pisos, teniendo comunicaci\u00f3n entre las dos calles (Salta y G\u00fcemes). Esta expansi\u00f3n permiti\u00f3 incorporar 40 camas de internaci\u00f3n, 2 quir\u00f3fanos, 2 salas de partos. Sala de terapia intensiva con 6 unidades equipadas en forma completa con monitores mult\u00edpara m\u00e9tricos y con respiradores de \u00faltima generaci\u00f3n, 2 salas de di\u00e1lisis (una con 6 unidades y otra con 2 unidades) y 12 consultorios externos.<br \/>Posteriormente se instal\u00f3 la primera bomba de Coballo para tratamiento radiante del c\u00e1ncer, ya que anteriormente los pacientes deb\u00edan ser derivados a otras provincias. As\u00ed el 6 de diciembre de 1996 se realiz\u00f3 en la Provincia de Jujuy el primer tratamiento de radioterapia con el equipo mencionado. En ese mismo a\u00f1o se realiz\u00f3 la adquisici\u00f3n del primer equipo de video-Laparoscop\u00eda para cirug\u00eda, realiz\u00e1ndose la primera histerectom\u00eda por video-laparoscop\u00eda. Desde el a\u00f1o 2008 no se realiza prestaciones de radio-terapia por dificultad de traslado de profesionales especialistas desde Tucum\u00e1n a esta ciudad (Radioterapeuta e Ingeniero especializado).<br \/>Al diversificarse la atenci\u00f3n de numerosas especialidades se cambi\u00f3 el nombre de la raz\u00f3n social por: <strong>\u00abINSTITUTO M\u00c9DICO INTEGRAL SAN SALVADOR S.A. &#8211; I.M.I.S.S S.A.\u00bb<\/strong>.<br \/>En el a\u00f1o 2006 se adquiere un equipo de rayos: \u00abArco en C\u00bb para realizar pr\u00e1cticas de cirug\u00eda traumatol\u00f3gicas y colocaci\u00f3n de marcapasos.<br \/>En el a\u00f1o 2006 se adquiere el primer Ec\u00f3grafo 3D-4D en la Provincia de Jujuy.<br \/>En el a\u00f1o 2009 se incorpora a nuestra Instituci\u00f3n un tom\u00f3grafo helicoidal (Toshiba X Visi\u00f3n) de alta resoluci\u00f3n para seguir brindando servicio de excelencia para toda la poblaci\u00f3n de Jujuy.<br \/>En el a\u00f1o 2018 se reemplaza por tom\u00f3grafo Toshiba Aquilium 64, con la intenci\u00f3n de seguir creciendo y mejorar d\u00eda a d\u00eda el servicio de salud en Jujuy, seguimos invirtiendo en nuestra Provincia. En junio del 2010 se adquiere un equipo para <strong>PROCESAMIENTO DIGITAL DE LAS IM\u00c1GENES RADIOGR\u00c1FICAS<\/strong>, especialmente para el diagn\u00f3stico temprano del c\u00e1ncer de mama. En el mes de junio del 2011, renovamos el ec\u00f3grafo y se incorpora uno de \u00faltima generaci\u00f3n para el diagn\u00f3stico de mayor evidencia en las im\u00e1genes ecogr\u00e1ficas, con proceso de volumetr\u00eda 3D-4D (ACCUIVXV 20). En el a\u00f1o 2019 se reemplaza el ec\u00f3grafo para realizar im\u00e1genes <strong>3D-4D-5D y 6D<\/strong>.<br \/>En la actualidad <strong>I.M.I.S.S. S.A.<\/strong>, es un Centro M\u00e9dico con una compleja y moderna infraestructura que compite con los pares en las prestaciones m\u00e9dico-asistenciales de los juje\u00f1os, siendo referente en Ginecolog\u00eda y Mastolog\u00eda en la Provincia y en el norte del pa\u00eds.<\/p>\t\t\t\t\t\t\t\t<\/div>\n\t\t\t\t<\/div>\n\t\t\t\t\t<\/div>\n\t\t<\/div>\n\t\t\t\t\t<\/div>\n\t\t<\/section>\n\t\t\t\t<section class=\"elementor-section elementor-top-section elementor-element elementor-element-3dd4e9d8 elementor-section-content-middle elementor-reverse-mobile elementor-section-boxed elementor-section-height-default elementor-section-height-default\" data-id=\"3dd4e9d8\" data-element_type=\"section\" data-e-type=\"section\">\n\t\t\t\t\t\t<div class=\"elementor-container elementor-column-gap-no\">\n\t\t\t\t\t<div class=\"elementor-column elementor-col-50 elementor-top-column elementor-element elementor-element-1b34f4f1\" data-id=\"1b34f4f1\" data-element_type=\"column\" data-e-type=\"column\">\n\t\t\t<div class=\"elementor-widget-wrap elementor-element-populated\">\n\t\t\t\t\t\t<div class=\"elementor-element elementor-element-362d1eb4 elementor-widget elementor-widget-image\" data-id=\"362d1eb4\" data-element_type=\"widget\" data-e-type=\"widget\" data-widget_type=\"image.default\">\n\t\t\t\t<div class=\"elementor-widget-container\">\n\t\t\t\t\t\t\t\t\t\t\t\t<figure class=\"wp-caption\">\n\t\t\t\t\t\t\t\t\t\t<img fetchpriority=\"high\" decoding=\"async\" width=\"650\" height=\"1175\" src=\"https:\/\/sanatorio-imiss.com\/wp-content\/uploads\/2020\/11\/frente1-2.jpg\" class=\"attachment-medium_large size-medium_large wp-image-557\" alt=\"\" srcset=\"https:\/\/sanatorio-imiss.com\/wp-content\/uploads\/2020\/11\/frente1-2.jpg 650w, https:\/\/sanatorio-imiss.com\/wp-content\/uploads\/2020\/11\/frente1-2-166x300.jpg 166w, https:\/\/sanatorio-imiss.com\/wp-content\/uploads\/2020\/11\/frente1-2-566x1024.jpg 566w\" sizes=\"(max-width: 650px) 100vw, 650px\" \/>\t\t\t\t\t\t\t\t\t\t\t<figcaption class=\"widget-image-caption wp-caption-text\">G\u00dcEMES N\u00ba 737<\/figcaption>\n\t\t\t\t\t\t\t\t\t\t<\/figure>\n\t\t\t\t\t\t\t\t\t<\/div>\n\t\t\t\t<\/div>\n\t\t\t\t\t<\/div>\n\t\t<\/div>\n\t\t\t\t<div class=\"elementor-column elementor-col-50 elementor-top-column elementor-element elementor-element-57eebf1\" data-id=\"57eebf1\" data-element_type=\"column\" data-e-type=\"column\">\n\t\t\t<div class=\"elementor-widget-wrap elementor-element-populated\">\n\t\t\t\t\t\t<div class=\"elementor-element elementor-element-3cd5b28 elementor-widget elementor-widget-image\" data-id=\"3cd5b28\" data-element_type=\"widget\" data-e-type=\"widget\" data-widget_type=\"image.default\">\n\t\t\t\t<div class=\"elementor-widget-container\">\n\t\t\t\t\t\t\t\t\t\t\t\t\t\t\t<img decoding=\"async\" width=\"700\" height=\"1067\" src=\"https:\/\/sanatorio-imiss.com\/wp-content\/uploads\/2020\/11\/imagen-pasillo-700.png\" class=\"attachment-medium_large size-medium_large wp-image-506\" alt=\"\" srcset=\"https:\/\/sanatorio-imiss.com\/wp-content\/uploads\/2020\/11\/imagen-pasillo-700.png 700w, https:\/\/sanatorio-imiss.com\/wp-content\/uploads\/2020\/11\/imagen-pasillo-700-197x300.png 197w, https:\/\/sanatorio-imiss.com\/wp-content\/uploads\/2020\/11\/imagen-pasillo-700-672x1024.png 672w\" sizes=\"(max-width: 700px) 100vw, 700px\" \/>\t\t\t\t\t\t\t\t\t\t\t\t\t\t\t<\/div>\n\t\t\t\t<\/div>\n\t\t\t\t\t<\/div>\n\t\t<\/div>\n\t\t\t\t\t<\/div>\n\t\t<\/section>\n\t\t\t\t<section class=\"elementor-section elementor-top-section elementor-element elementor-element-b6b15d0 elementor-section-boxed elementor-section-height-default elementor-section-height-default\" data-id=\"b6b15d0\" data-element_type=\"section\" data-e-type=\"section\">\n\t\t\t\t\t\t<div class=\"elementor-container elementor-column-gap-default\">\n\t\t\t\t\t<div class=\"elementor-column elementor-col-100 elementor-top-column elementor-element elementor-element-437dd97\" data-id=\"437dd97\" data-element_type=\"column\" data-e-type=\"column\">\n\t\t\t<div class=\"elementor-widget-wrap elementor-element-populated\">\n\t\t\t\t\t\t<div class=\"elementor-element elementor-element-3575e8d elementor-align-center elementor-widget elementor-widget-button\" data-id=\"3575e8d\" data-element_type=\"widget\" data-e-type=\"widget\" data-widget_type=\"button.default\">\n\t\t\t\t<div class=\"elementor-widget-container\">\n\t\t\t\t\t\t\t\t\t<div class=\"elementor-button-wrapper\">\n\t\t\t\t\t<a class=\"elementor-button elementor-button-link elementor-size-sm elementor-animation-grow\" href=\"https:\/\/sanatorio-imiss.com\/\">\n\t\t\t\t\t\t<span class=\"elementor-button-content-wrapper\">\n\t\t\t\t\t\t\t\t\t<span class=\"elementor-button-text\">vOLVER INICIO<\/span>\n\t\t\t\t\t<\/span>\n\t\t\t\t\t<\/a>\n\t\t\t\t<\/div>\n\t\t\t\t\t\t\t\t<\/div>\n\t\t\t\t<\/div>\n\t\t\t\t\t<\/div>\n\t\t<\/div>\n\t\t\t\t\t<\/div>\n\t\t<\/section>\n\t\t\t\t<\/div>\n\t\t","protected":false},"excerpt":{"rendered":"<p>QUIENES SOMOS El 26 de Febrero de 1986, nace I.M.I.S.S. S.A.\u00a0cuyas iniciales significan \u00abINSTITUTO MATERNO INFANTIL SAN SALVADOR S.A.\u00bb conformado por un grupo de Toco-Ginec\u00f3logos, cuyo director y presidente de la sociedad fue y es el doctor Alejandro Zenteno Delgado. En la actualidad se incorporaron como socios de la Instituci\u00f3n, los Doctores Alejandro Sebasti\u00e1n Zenteno: [&hellip;]<\/p>\n","protected":false},"author":1,"featured_media":0,"parent":0,"menu_order":0,"comment_status":"closed","ping_status":"open","template":"","meta":{"footnotes":""},"class_list":["post-121","page","type-page","status-publish","hentry"],"rttpg_featured_image_url":null,"rttpg_author":{"display_name":"delosriosclaudio","author_link":"https:\/\/sanatorio-imiss.com\/?author=1"},"rttpg_comment":0,"rttpg_category":null,"rttpg_excerpt":"QUIENES SOMOS El 26 de Febrero de 1986, nace I.M.I.S.S. S.A.\u00a0cuyas iniciales significan \u00abINSTITUTO MATERNO INFANTIL SAN SALVADOR S.A.\u00bb conformado por un grupo de Toco-Ginec\u00f3logos, cuyo director y presidente de la sociedad fue y es el doctor Alejandro Zenteno Delgado. En la actualidad se incorporaron como socios de la Instituci\u00f3n, los Doctores Alejandro Sebasti\u00e1n Zenteno:&hellip;","_links":{"self":[{"href":"https:\/\/sanatorio-imiss.com\/index.php?rest_route=\/wp\/v2\/pages\/121","targetHints":{"allow":["GET"]}}],"collection":[{"href":"https:\/\/sanatorio-imiss.com\/index.php?rest_route=\/wp\/v2\/pages"}],"about":[{"href":"https:\/\/sanatorio-imiss.com\/index.php?rest_route=\/wp\/v2\/types\/page"}],"author":[{"embeddable":true,"href":"https:\/\/sanatorio-imiss.com\/index.php?rest_route=\/wp\/v2\/users\/1"}],"replies":[{"embeddable":true,"href":"https:\/\/sanatorio-imiss.com\/index.php?rest_route=%2Fwp%2Fv2%2Fcomments&post=121"}],"version-history":[{"count":47,"href":"https:\/\/sanatorio-imiss.com\/index.php?rest_route=\/wp\/v2\/pages\/121\/revisions"}],"predecessor-version":[{"id":656,"href":"https:\/\/sanatorio-imiss.com\/index.php?rest_route=\/wp\/v2\/pages\/121\/revisions\/656"}],"wp:attachment":[{"href":"https:\/\/sanatorio-imiss.com\/index.php?rest_route=%2Fwp%2Fv2%2Fmedia&parent=121"}],"curies":[{"name":"wp","href":"https:\/\/api.w.org\/{rel}","templated":true}]}}